{"id":64,"date":"2018-12-23T20:10:13","date_gmt":"2018-12-23T20:10:13","guid":{"rendered":"http:\/\/neu.blauweiss-hartefeld.de\/?page_id=64"},"modified":"2026-01-06T16:24:23","modified_gmt":"2026-01-06T15:24:23","slug":"impressum","status":"publish","type":"page","link":"https:\/\/www.blauweiss-hartefeld.de\/?page_id=64","title":{"rendered":"Impressum"},"content":{"rendered":"\n<p>1. Vorsitzender<br>Willi Laumann<br>Am Schmaelenhof 40<br>DE-47608 Geldern<\/p>\n\n\n\n<p>eMail direkt an den 1. Vorsitzenden:<br><a href=\"mailto:erstervorsitzender@blauweiss-hartefeld.de\">erstervorsitzender@blauweiss-hartefeld.de<\/a> <br><br> allgemeine eMail: <br> <a href=\"mailto:infos@blauweiss-hartefeld.de\">infos@blauweiss-hartefeld.de <\/a><\/p>\n\n\n\n<p> Internet: <a href=\"http:\/\/www.blauweiss-hartefeld.de\">www.Blauweiss-Hartefeld.de<\/a><br><br> Die Gl\u00e4ubiger-Identifikaktionsnummer lautet: DE29ZZZ00000709099.<\/p>\n\n\n\n<p>&#8211;&gt;\n<strong>Haftungshinweis:<\/strong><br>\nTrotz sorgf\u00e4ltiger inhaltlicher Kontrolle \u00fcbernehmen wir keine Haftung f\u00fcr die Inhalte externer Links.<br>\nF\u00fcr den Inhalt der verlinkten Seiten sind ausschlie\u00dflich deren Betreiber verantwortlich.\n\n\n<\/p>\n","protected":false},"excerpt":{"rendered":"<p>1. VorsitzenderWilli LaumannAm Schmaelenhof 40DE-47608 Geldern eMail direkt an den 1. Vorsitzenden:erstervorsitzender@blauweiss-hartefeld.de allgemeine eMail: infos@blauweiss-hartefeld.de Internet: www.Blauweiss-Hartefeld.de Die Gl\u00e4ubiger-Identifikaktionsnummer lautet: DE29ZZZ00000709099. &#8211;&gt; Haftungshinweis: Trotz sorgf\u00e4ltiger inhaltlicher Kontrolle \u00fcbernehmen wir keine Haftung f\u00fcr die Inhalte externer Links. F\u00fcr den Inhalt der verlinkten Seiten sind ausschlie\u00dflich deren Betreiber verantwortlich.<\/p>\n","protected":false},"author":1,"featured_media":0,"parent":0,"menu_order":0,"comment_status":"closed","ping_status":"closed","template":"","meta":{"footnotes":""},"class_list":["post-64","page","type-page","status-publish","hentry"],"_links":{"self":[{"href":"https:\/\/www.blauweiss-hartefeld.de\/index.php?rest_route=\/wp\/v2\/pages\/64","targetHints":{"allow":["GET"]}}],"collection":[{"href":"https:\/\/www.blauweiss-hartefeld.de\/index.php?rest_route=\/wp\/v2\/pages"}],"about":[{"href":"https:\/\/www.blauweiss-hartefeld.de\/index.php?rest_route=\/wp\/v2\/types\/page"}],"author":[{"embeddable":true,"href":"https:\/\/www.blauweiss-hartefeld.de\/index.php?rest_route=\/wp\/v2\/users\/1"}],"replies":[{"embeddable":true,"href":"https:\/\/www.blauweiss-hartefeld.de\/index.php?rest_route=%2Fwp%2Fv2%2Fcomments&post=64"}],"version-history":[{"count":4,"href":"https:\/\/www.blauweiss-hartefeld.de\/index.php?rest_route=\/wp\/v2\/pages\/64\/revisions"}],"predecessor-version":[{"id":1446,"href":"https:\/\/www.blauweiss-hartefeld.de\/index.php?rest_route=\/wp\/v2\/pages\/64\/revisions\/1446"}],"wp:attachment":[{"href":"https:\/\/www.blauweiss-hartefeld.de\/index.php?rest_route=%2Fwp%2Fv2%2Fmedia&parent=64"}],"curies":[{"name":"wp","href":"https:\/\/api.w.org\/{rel}","templated":true}]}}